{"id":73,"date":"2025-11-01T14:48:00","date_gmt":"2025-11-01T14:48:00","guid":{"rendered":"https:\/\/straehl-engineering.ch\/?page_id=73"},"modified":"2026-04-01T08:18:09","modified_gmt":"2026-04-01T08:18:09","slug":"about","status":"publish","type":"page","link":"https:\/\/straehl-engineering.ch\/?page_id=73","title":{"rendered":"About"},"content":{"rendered":"\n<hr class=\"wp-block-separator has-alpha-channel-opacity\"\/>\n\n\n\n<p>Straehl Engineering GmbH wurde im Jahr 1997 von Stefan Str\u00e4hl gegr\u00fcndet.<\/p>\n\n\n\n<p>Als Spezialist in der HDLC Kommunikation, insbesondere Telekom ISDN Signalisierung, wurde die Beratung bei VOIP-Gateways f\u00fcr verschiedene Firmen interessant. Daher die Gr\u00fcndung der GmbH.<\/p>\n\n\n\n<p>Sei dieser Zeit hat Straehl Engineering f\u00fcr viele Firmen, in verschiedenen Branchen und Projekten gearbeitet und entsprechend viel Know-How aufgebaut.<\/p>\n\n\n\n<p>Unsere bisherigen Kunden:<\/p>\n\n\n\n<figure class=\"wp-block-image size-full\"><img loading=\"lazy\" decoding=\"async\" width=\"709\" height=\"536\" src=\"https:\/\/straehl-engineering.ch\/wp-content\/uploads\/2026\/02\/grafik.png\" alt=\"\" class=\"wp-image-141\" srcset=\"https:\/\/straehl-engineering.ch\/wp-content\/uploads\/2026\/02\/grafik.png 709w, https:\/\/straehl-engineering.ch\/wp-content\/uploads\/2026\/02\/grafik-300x227.png 300w\" sizes=\"auto, (max-width: 709px) 100vw, 709px\" \/><\/figure>\n\n\n\n<p>Firmen, Referenzen:<\/p>\n\n\n\n<p class=\"has-text-align-center\"> V-Zug<\/p>\n\n\n\n<p class=\"has-text-align-center\">Ypsomed self care<\/p>\n\n\n\n<p class=\"has-text-align-center\">Hemotune<\/p>\n\n\n\n<p class=\"has-text-align-center\">&nbsp;&nbsp;&nbsp;&nbsp;&nbsp;&nbsp;&nbsp;&nbsp;&nbsp;&nbsp;&nbsp; Volpi Group<\/p>\n\n\n\n<p class=\"has-text-align-center\">Comet Group<\/p>\n\n\n\n<p class=\"has-text-align-center\"> Codan Argus Medical<\/p>\n\n\n\n<p class=\"has-text-align-center\">&nbsp;&nbsp;&nbsp;&nbsp;&nbsp;&nbsp;&nbsp;&nbsp;&nbsp;&nbsp;&nbsp; Ruag Electronics<\/p>\n\n\n\n<p class=\"has-text-align-center\">&nbsp;&nbsp;&nbsp;&nbsp;&nbsp;&nbsp;&nbsp; &nbsp;&nbsp;&nbsp; Aastra Telecom Schweiz<\/p>\n\n\n\n<p class=\"has-text-align-center\">&nbsp;&nbsp;&nbsp;&nbsp;&nbsp;&nbsp;&nbsp; &nbsp;&nbsp;&nbsp; Ascom Enterprise Communication&nbsp;&nbsp;&nbsp;&nbsp;&nbsp;&nbsp;&nbsp;&nbsp;&nbsp;&nbsp;<\/p>\n\n\n\n<p class=\"has-text-align-center\">&nbsp;&nbsp;&nbsp;&nbsp;&nbsp;&nbsp;&nbsp; &nbsp;&nbsp;&nbsp; KeyMile AG<\/p>\n\n\n\n<p class=\"has-text-align-center\">&nbsp;&nbsp;&nbsp;&nbsp;&nbsp;&nbsp;&nbsp; &nbsp;&nbsp;&nbsp; Ascom Tech<\/p>\n\n\n\n<p class=\"has-text-align-center\">&nbsp;&nbsp;&nbsp;&nbsp;&nbsp;&nbsp;&nbsp; &nbsp;&nbsp;&nbsp; Patton Inalp Networks AG<\/p>\n\n\n\n<p class=\"has-text-align-center\">&nbsp;&nbsp;&nbsp;&nbsp;&nbsp;&nbsp;&nbsp; &nbsp;&nbsp;&nbsp; NetModule AG<\/p>\n\n\n\n<p class=\"has-text-align-center\"><\/p>\n\n\n\n<p><\/p>\n","protected":false},"excerpt":{"rendered":"<p>Straehl Engineering GmbH wurde im Jahr 1997 von Stefan Str\u00e4hl gegr\u00fcndet. Als Spezialist in der HDLC Kommunikation, insbesondere Telekom ISDN Signalisierung, wurde die Beratung bei VOIP-Gateways f\u00fcr verschiedene Firmen interessant. Daher die Gr\u00fcndung der GmbH. Sei dieser Zeit hat Straehl Engineering f\u00fcr viele Firmen, in verschiedenen Branchen und Projekten gearbeitet und entsprechend viel Know-How aufgebaut. [&hellip;]<\/p>\n","protected":false},"author":1,"featured_media":0,"parent":0,"menu_order":0,"comment_status":"closed","ping_status":"closed","template":"","meta":{"footnotes":""},"class_list":["post-73","page","type-page","status-publish","hentry"],"_links":{"self":[{"href":"https:\/\/straehl-engineering.ch\/index.php?rest_route=\/wp\/v2\/pages\/73","targetHints":{"allow":["GET"]}}],"collection":[{"href":"https:\/\/straehl-engineering.ch\/index.php?rest_route=\/wp\/v2\/pages"}],"about":[{"href":"https:\/\/straehl-engineering.ch\/index.php?rest_route=\/wp\/v2\/types\/page"}],"author":[{"embeddable":true,"href":"https:\/\/straehl-engineering.ch\/index.php?rest_route=\/wp\/v2\/users\/1"}],"replies":[{"embeddable":true,"href":"https:\/\/straehl-engineering.ch\/index.php?rest_route=%2Fwp%2Fv2%2Fcomments&post=73"}],"version-history":[{"count":7,"href":"https:\/\/straehl-engineering.ch\/index.php?rest_route=\/wp\/v2\/pages\/73\/revisions"}],"predecessor-version":[{"id":193,"href":"https:\/\/straehl-engineering.ch\/index.php?rest_route=\/wp\/v2\/pages\/73\/revisions\/193"}],"wp:attachment":[{"href":"https:\/\/straehl-engineering.ch\/index.php?rest_route=%2Fwp%2Fv2%2Fmedia&parent=73"}],"curies":[{"name":"wp","href":"https:\/\/api.w.org\/{rel}","templated":true}]}}